{"id":308,"date":"2020-01-13T11:17:52","date_gmt":"2020-01-13T11:17:52","guid":{"rendered":"https:\/\/demosites.io\/web-agency-gb\/?page_id=5"},"modified":"2026-01-14T16:01:39","modified_gmt":"2026-01-14T13:01:39","slug":"15c42-web-agency-gb-home","status":"publish","type":"page","link":"https:\/\/vitaparkmasaj.com\/","title":{"rendered":"Ana Sayfa"},"content":{"rendered":"\n<div class=\"wp-block-cover alignfull is-light\" style=\"min-height:700px;aspect-ratio:unset;\"><img loading=\"lazy\" decoding=\"async\" width=\"821\" height=\"521\" class=\"wp-block-cover__image-background wp-image-373\" alt=\"\" src=\"https:\/\/vitaparkmasaj.com\/wp-content\/uploads\/2023\/07\/xyz.png\" data-object-fit=\"cover\" srcset=\"https:\/\/vitaparkmasaj.com\/wp-content\/uploads\/2023\/07\/xyz.png 821w, https:\/\/vitaparkmasaj.com\/wp-content\/uploads\/2023\/07\/xyz-300x190.png 300w, https:\/\/vitaparkmasaj.com\/wp-content\/uploads\/2023\/07\/xyz-768x487.png 768w\" sizes=\"auto, (max-width: 821px) 100vw, 821px\" \/><span aria-hidden=\"true\" class=\"wp-block-cover__background has-background-dim-0 has-background-dim\"><\/span><div class=\"wp-block-cover__inner-container is-layout-flow wp-block-cover-is-layout-flow\">\n<div style=\"height:80px\" aria-hidden=\"true\" class=\"wp-block-spacer\"><\/div>\n\n\n\n<h1 class=\"wp-block-heading has-text-align-center\">Rahatlay\u0131n Gev\u015feyin.<\/h1>\n\n\n\n<p class=\"has-text-align-center has-nv-site-bg-color has-text-color\" style=\"font-size:17px\">10 K\u0130\u015e\u0130L\u0130K DEV MASAJ KADROSU. HAMAM ,SAUNA,KESE,K\u00d6P\u00dcK<\/p>\n\n\n\n<div class=\"wp-block-buttons is-horizontal is-content-justification-center is-layout-flex wp-container-core-buttons-is-layout-499968f5 wp-block-buttons-is-layout-flex\">\n<div class=\"wp-block-button is-style-primary\"><a class=\"wp-block-button__link wp-element-button\" href=\"tel:05313394507\">TIKLA ARA<\/a><\/div>\n\n\n\n<div class=\"wp-block-button is-style-secondary\"><a class=\"wp-block-button__link wp-element-button\" href=\"https:\/\/wa.me\/905313394507\">WHATSAPP TIKLA<\/a><\/div>\n<\/div>\n\n\n\n<div style=\"height:80px\" aria-hidden=\"true\" class=\"wp-block-spacer\"><\/div>\n\n\n\n<div style=\"height:80px\" aria-hidden=\"true\" class=\"wp-block-spacer\"><\/div>\n<\/div><\/div>\n\n\n\n<div style=\"height:80px\" aria-hidden=\"true\" class=\"wp-block-spacer\"><\/div>\n\n\n\n<div class=\"wp-block-columns is-layout-flex wp-container-core-columns-is-layout-9d6595d7 wp-block-columns-is-layout-flex\">\n<div class=\"wp-block-column is-layout-flow wp-block-column-is-layout-flow\"><div class=\"wp-block-image icon-style is-style-rounded\">\n<figure class=\"aligncenter size-large\"><img loading=\"lazy\" decoding=\"async\" width=\"72\" height=\"72\" src=\"http:\/\/vitaparkmasaj.com\/wp-content\/uploads\/2020\/01\/neve-webdesign-GB-03.png\" alt=\"\" class=\"wp-image-20\" title=\"\"\/><\/figure>\n<\/div>\n\n\n<div style=\"height:20px\" aria-hidden=\"true\" class=\"wp-block-spacer\"><\/div>\n\n\n\n<h3 class=\"wp-block-heading has-text-align-center has-neve-text-color-color has-text-color\">\u0130zmir Masaj<\/h3>\n\n\n\n<p class=\"has-text-align-center\">\u0130zmirin En \u0130yi Masaj Salonu<\/p>\n\n\n\n<div style=\"height:20px\" aria-hidden=\"true\" class=\"wp-block-spacer\"><\/div>\n<\/div>\n\n\n\n<div class=\"wp-block-column is-layout-flow wp-block-column-is-layout-flow\"><div class=\"wp-block-image icon-style is-style-rounded\">\n<figure class=\"aligncenter size-large\"><img decoding=\"async\" src=\"http:\/\/vitaparkmasaj.com\/wp-content\/uploads\/2020\/01\/neve-webdesign-GB-04.png\" alt=\"\" class=\"wp-image-21\"\/><\/figure>\n<\/div>\n\n\n<div style=\"height:20px\" aria-hidden=\"true\" class=\"wp-block-spacer\"><\/div>\n\n\n\n<h3 class=\"wp-block-heading has-text-align-center has-neve-text-color-color has-text-color\">Alsancak Masaj<\/h3>\n\n\n\n<p class=\"has-text-align-center\">Alsanca\u011f\u0131n En G\u00fczel Masaj Salonu<\/p>\n\n\n\n<div style=\"height:20px\" aria-hidden=\"true\" class=\"wp-block-spacer\"><\/div>\n<\/div>\n\n\n\n<div class=\"wp-block-column is-layout-flow wp-block-column-is-layout-flow\"><div class=\"wp-block-image icon-style is-style-rounded\">\n<figure class=\"aligncenter size-large\"><img loading=\"lazy\" decoding=\"async\" width=\"72\" height=\"72\" src=\"http:\/\/vitaparkmasaj.com\/wp-content\/uploads\/2020\/01\/neve-webdesign-GB-01.png\" alt=\"\" class=\"wp-image-18\"\/><\/figure>\n<\/div>\n\n\n<div style=\"height:20px\" aria-hidden=\"true\" class=\"wp-block-spacer\"><\/div>\n\n\n\n<h3 class=\"wp-block-heading has-text-align-center has-neve-text-color-color has-text-color\">Konak Masaj<\/h3>\n\n\n\n<p class=\"has-text-align-center\">Kona\u011f\u0131n En G\u00fczel Masaj Salonu<\/p>\n\n\n\n<div style=\"height:20px\" aria-hidden=\"true\" class=\"wp-block-spacer\"><\/div>\n<\/div>\n<\/div>\n\n\n\n<div style=\"height:80px\" aria-hidden=\"true\" class=\"wp-block-spacer\"><\/div>\n\n\n\n<div class=\"wp-block-cover alignfull\" style=\"min-height:600px;aspect-ratio:unset;\"><span aria-hidden=\"true\" class=\"wp-block-cover__background has-nv-light-bg-background-color has-background-dim-100 has-background-dim\"><\/span><div class=\"wp-block-cover__inner-container is-layout-flow wp-block-cover-is-layout-flow\">\n<div class=\"wp-block-group\"><div class=\"wp-block-group__inner-container is-layout-flow wp-block-group-is-layout-flow\">\n<div style=\"height:80px\" aria-hidden=\"true\" class=\"wp-block-spacer\"><\/div>\n\n\n\n<div class=\"wp-block-columns are-vertically-aligned-center is-layout-flex wp-container-core-columns-is-layout-9d6595d7 wp-block-columns-is-layout-flex\">\n<div class=\"wp-block-column is-vertically-aligned-center is-layout-flow wp-block-column-is-layout-flow\" style=\"flex-basis:50%\">\n<figure class=\"wp-block-image size-full\"><img loading=\"lazy\" decoding=\"async\" width=\"800\" height=\"533\" src=\"https:\/\/vitaparkmasaj.com\/wp-content\/uploads\/2023\/07\/massaj-1.jpg\" alt=\"\" class=\"wp-image-375\" srcset=\"https:\/\/vitaparkmasaj.com\/wp-content\/uploads\/2023\/07\/massaj-1.jpg 800w, https:\/\/vitaparkmasaj.com\/wp-content\/uploads\/2023\/07\/massaj-1-300x200.jpg 300w, https:\/\/vitaparkmasaj.com\/wp-content\/uploads\/2023\/07\/massaj-1-768x512.jpg 768w\" sizes=\"auto, (max-width: 800px) 100vw, 800px\" \/><\/figure>\n<\/div>\n\n\n\n<div class=\"wp-block-column is-vertically-aligned-center is-layout-flow wp-block-column-is-layout-flow\" style=\"flex-basis:50%\">\n<div style=\"height:20px\" aria-hidden=\"true\" class=\"wp-block-spacer\"><\/div>\n\n\n\n<h2 class=\"wp-block-heading has-text-align-left has-neve-text-color-color has-text-color\">\u0130ZM\u0130R MASAJ<\/h2>\n\n\n\n<p class=\"has-text-align-left has-neve-text-color-color has-text-color\" style=\"font-size:17px\"><strong>\u0130zmir Masaj<\/strong>, g\u00fczel bir masaj\u0131n hayalini kurdu\u011fumuzda ziyaret edebilece\u011fimiz bir\u00e7ok masaj salonuna ev sahipli\u011fi yapmaktad\u0131r.&nbsp;\u0130zmir\u2019de yorgunlu\u011funuzu atabilece\u011finiz bir\u00e7ok g\u00fczel masaj salonu bulunmaktad\u0131r. Kendinize en uygun olan\u0131 se\u00e7ip rahatlat\u0131c\u0131 bir masaj\u0131n keyfini \u00e7\u0131karabilirsiniz. <strong>\u0130zmir Masaj<\/strong>&#8216;\u0131n En \u0130yi Masaj Salonu olarak Sizlere Hizmet Veriyoruz<\/p>\n\n\n\n<div class=\"wp-block-buttons is-horizontal is-content-justification-left is-layout-flex wp-container-core-buttons-is-layout-7e5fce0a wp-block-buttons-is-layout-flex\">\n<div class=\"wp-block-button is-style-primary\"><a class=\"wp-block-button__link wp-element-button\" href=\"tel:05313394507\">TIKLA ARA<\/a><\/div>\n<\/div>\n<\/div>\n<\/div>\n\n\n\n<div style=\"height:40px\" aria-hidden=\"true\" class=\"wp-block-spacer\"><\/div>\n<\/div><\/div>\n<\/div><\/div>\n\n\n\n<div class=\"wp-block-cover alignfull\" style=\"min-height:600px;aspect-ratio:unset;\"><span aria-hidden=\"true\" class=\"wp-block-cover__background has-nv-site-bg-background-color has-background-dim-100 has-background-dim\"><\/span><div class=\"wp-block-cover__inner-container is-layout-flow wp-block-cover-is-layout-flow\">\n<div class=\"wp-block-group\"><div class=\"wp-block-group__inner-container is-layout-flow wp-block-group-is-layout-flow\">\n<div style=\"height:80px\" aria-hidden=\"true\" class=\"wp-block-spacer\"><\/div>\n\n\n\n<div class=\"wp-block-columns are-vertically-aligned-center is-layout-flex wp-container-core-columns-is-layout-9d6595d7 wp-block-columns-is-layout-flex\">\n<div class=\"wp-block-column is-vertically-aligned-center is-layout-flow wp-block-column-is-layout-flow\" style=\"flex-basis:50%\">\n<h2 class=\"wp-block-heading has-text-align-left has-neve-text-color-color has-text-color\">KONAK MASAJ<\/h2>\n\n\n\n<p class=\"has-nv-c-2-color has-text-color\">Konak, \u0130zmir\u2019de bulunan bir il\u00e7edir ve burada da bir\u00e7ok masaj salonu bulunmaktad\u0131r. KonakMasaj &#8216;\u0131n bir\u00e7ok faydas\u0131 bulunmaktad\u0131r. \u00d6rne\u011fin, masaj\u0131n depresyon riskini uzakla\u015ft\u0131rd\u0131\u011f\u0131, cilt y\u00fczeyindeki k\u0131r\u0131\u015f\u0131kl\u0131klar\u0131n ve yara izlerinin giderilmesinde etkili oldu\u011fu, daha p\u00fcr\u00fczs\u00fcz ve parlak bir cilt yap\u0131s\u0131na sahip olunmas\u0131n\u0131 sa\u011flad\u0131\u011f\u0131 bilinmektedir. Ayr\u0131ca, masaj\u0131n v\u00fccuda sa\u011flad\u0131\u011f\u0131 katk\u0131lar sayesinde, bir\u00e7ok rahats\u0131zl\u0131\u011f\u0131n meydana gelme riskini azaltt\u0131\u011f\u0131, ki\u015filerin yorgunlu\u011funun giderilmesini sa\u011flad\u0131\u011f\u0131 da bilinmektedir.<\/p>\n\n\n\n<p class=\"has-nv-c-2-color has-text-color\">Masaj\u0131n stres ya\u015fayan insanlara olumlu etkisi de bilinmektedir. Uykusuzluk, yorgunluk, mide bulant\u0131lar\u0131 gibi \u015fikayetlere tedavi edici ve \u00f6nleyicidir. Sindirim sisteminin iyi \u00e7al\u0131\u015fmas\u0131n\u0131 sa\u011flar.<\/p>\n\n\n\n<p class=\"has-nv-c-2-color has-text-color\">Konak\u2019ta bulunan masaj salonlar\u0131nda da bu faydalar\u0131 elde edebilirsiniz. Kendinize en uygun olan salonu se\u00e7ip rahatlat\u0131c\u0131 bir masaj\u0131n keyfini \u00e7\u0131karabilirsiniz.Konak Masaj<\/p>\n\n\n\n<div class=\"wp-block-buttons is-horizontal is-content-justification-left is-layout-flex wp-container-core-buttons-is-layout-7e5fce0a wp-block-buttons-is-layout-flex\">\n<div class=\"wp-block-button is-style-primary\"><a class=\"wp-block-button__link wp-element-button\" href=\"tel:05313394507\">TIKLA ARA<\/a><\/div>\n<\/div>\n\n\n\n<div style=\"height:40px\" aria-hidden=\"true\" class=\"wp-block-spacer\"><\/div>\n<\/div>\n\n\n\n<div class=\"wp-block-column is-vertically-aligned-center is-layout-flow wp-block-column-is-layout-flow\" style=\"flex-basis:50%\">\n<figure class=\"wp-block-image size-full\"><img loading=\"lazy\" decoding=\"async\" width=\"728\" height=\"455\" src=\"https:\/\/vitaparkmasaj.com\/wp-content\/uploads\/2023\/07\/asl-1.jpg\" alt=\"\" class=\"wp-image-377\" srcset=\"https:\/\/vitaparkmasaj.com\/wp-content\/uploads\/2023\/07\/asl-1.jpg 728w, https:\/\/vitaparkmasaj.com\/wp-content\/uploads\/2023\/07\/asl-1-300x188.jpg 300w\" sizes=\"auto, (max-width: 728px) 100vw, 728px\" \/><\/figure>\n<\/div>\n<\/div>\n\n\n\n<div style=\"height:40px\" aria-hidden=\"true\" class=\"wp-block-spacer\"><\/div>\n<\/div><\/div>\n<\/div><\/div>\n\n\n\n<div class=\"wp-block-cover alignfull\" style=\"min-height:600px;aspect-ratio:unset;\"><span aria-hidden=\"true\" class=\"wp-block-cover__background has-nv-dark-bg-background-color has-background-dim-100 has-background-dim\"><\/span><div class=\"wp-block-cover__inner-container is-layout-flow wp-block-cover-is-layout-flow\">\n<div class=\"wp-block-group\"><div class=\"wp-block-group__inner-container is-layout-flow wp-block-group-is-layout-flow\">\n<div style=\"height:80px\" aria-hidden=\"true\" class=\"wp-block-spacer\"><\/div>\n\n\n\n<div class=\"wp-block-columns are-vertically-aligned-center is-layout-flex wp-container-core-columns-is-layout-9d6595d7 wp-block-columns-is-layout-flex\">\n<div class=\"wp-block-column is-vertically-aligned-center is-layout-flow wp-block-column-is-layout-flow\" style=\"flex-basis:50%\">\n<figure class=\"wp-block-image size-full\"><img loading=\"lazy\" decoding=\"async\" width=\"370\" height=\"370\" src=\"https:\/\/vitaparkmasaj.com\/wp-content\/uploads\/2023\/07\/EX.jpg\" alt=\"\" class=\"wp-image-379\" srcset=\"https:\/\/vitaparkmasaj.com\/wp-content\/uploads\/2023\/07\/EX.jpg 370w, https:\/\/vitaparkmasaj.com\/wp-content\/uploads\/2023\/07\/EX-300x300.jpg 300w, https:\/\/vitaparkmasaj.com\/wp-content\/uploads\/2023\/07\/EX-150x150.jpg 150w\" sizes=\"auto, (max-width: 370px) 100vw, 370px\" \/><\/figure>\n<\/div>\n\n\n\n<div class=\"wp-block-column is-vertically-aligned-center is-layout-flow wp-block-column-is-layout-flow\" style=\"flex-basis:50%\">\n<div style=\"height:40px\" aria-hidden=\"true\" class=\"wp-block-spacer\"><\/div>\n\n\n\n<h2 class=\"wp-block-heading has-text-align-left has-nv-text-dark-bg-color has-text-color\">Alsancak Masaj<\/h2>\n\n\n\n<p class=\"has-text-align-left has-neve-link-color-background-color has-text-color has-background\" style=\"color:#245fa8;font-size:17px\">Alsancak, \u0130zmir\u2019de bulunan bir semttir ve burada bir\u00e7ok masaj salonu bulunmaktad\u0131r. \u00d6rne\u011fin, Alsancak Masaj Salonu m\u00fc\u015fterilerinin kaliteli ya\u015fam formlar\u0131n\u0131 s\u00fcrd\u00fcrmelerini sa\u011flamak, kas doku ba\u011flar\u0131ndaki fibromiyalji sorunlar\u0131n\u0131 ortadan kald\u0131rmak ve sa\u011fl\u0131kl\u0131 bir ya\u015fam s\u00fcrd\u00fcrmeyi ama\u00e7lamaktad\u0131r 1. Masaj\u0131n sa\u011fl\u0131k ama\u00e7l\u0131 ve keyif ama\u00e7l\u0131 yapt\u0131r\u0131labilece\u011fini belirtmektedirler. Ancak, masaj\u0131n bir uzman fizyoterapist taraf\u0131ndan ger\u00e7ekle\u015ftirilmemesi durumunda ciddi sa\u011fl\u0131k sorunlar\u0131na yol a\u00e7abilece\u011fi konusunda uyar\u0131da bulunmaktad\u0131rlar.Alsancak Masaj <\/p>\n\n\n\n<div class=\"wp-block-buttons is-horizontal is-content-justification-left is-layout-flex wp-container-core-buttons-is-layout-7e5fce0a wp-block-buttons-is-layout-flex\">\n<div class=\"wp-block-button is-style-primary\"><a class=\"wp-block-button__link wp-element-button\" href=\"tel:05313394507\">TIKLA ARA<\/a><\/div>\n<\/div>\n<\/div>\n<\/div>\n\n\n\n<div style=\"height:50px\" aria-hidden=\"true\" class=\"wp-block-spacer\"><\/div>\n<\/div><\/div>\n<\/div><\/div>\n\n\n\n<div class=\"wp-block-cover alignfull\" style=\"min-height:300px;aspect-ratio:unset;\"><span aria-hidden=\"true\" class=\"wp-block-cover__background has-nv-dark-bg-background-color has-background-dim-100 has-background-dim\"><\/span><div class=\"wp-block-cover__inner-container is-layout-flow wp-block-cover-is-layout-flow\">\n<div style=\"height:140px\" aria-hidden=\"true\" class=\"wp-block-spacer\"><\/div>\n\n\n\n<h2 class=\"wp-block-heading has-text-align-center has-nv-text-dark-bg-color has-text-color\">\u0130ZM\u0130R MASAJ SALONU<\/h2>\n\n\n\n<p class=\"has-text-align-center\">\u0130ZM\u0130R MASAJ , ALSANCAK MASAJ, KONAK MASAJ <a href=\"tel:0532 156 32 92\">0<\/a><a href=\"tel:05313394507\">0531 339 45 07<\/a><\/p>\n\n\n\n<div class=\"wp-block-buttons is-horizontal is-content-justification-center is-layout-flex wp-container-core-buttons-is-layout-499968f5 wp-block-buttons-is-layout-flex\">\n<div class=\"wp-block-button is-style-primary\"><a class=\"wp-block-button__link wp-element-button\" href=\"tel:05313394507\">izmir masaj t\u0131kla ara<\/a><\/div>\n<\/div>\n\n\n\n<div style=\"height:140px\" aria-hidden=\"true\" class=\"wp-block-spacer\"><\/div>\n<\/div><\/div>\n","protected":false},"excerpt":{"rendered":"<p>\u0130zmir Masaj \u0130zmirin En \u0130yi Masaj Salonu Alsancak Masaj Alsanca\u011f\u0131n En G\u00fczel Masaj Salonu Konak Masaj Kona\u011f\u0131n En G\u00fczel Masaj Salonu<\/p>\n","protected":false},"author":1,"featured_media":0,"parent":0,"menu_order":0,"comment_status":"closed","ping_status":"closed","template":"","meta":{"neve_meta_sidebar":"default","neve_meta_container":"default","neve_meta_enable_content_width":"on","neve_meta_content_width":100,"neve_meta_title_alignment":"","neve_meta_author_avatar":"","neve_post_elements_order":"","neve_meta_disable_header":"","neve_meta_disable_footer":"","neve_meta_disable_title":"on","_themeisle_gutenberg_block_has_review":false,"_ti_tpc_template_sync":false,"_ti_tpc_template_id":"5udqur826ojgsxrmsxsc","_joinchat":[],"footnotes":""},"class_list":["post-308","page","type-page","status-publish","hentry"],"_links":{"self":[{"href":"https:\/\/vitaparkmasaj.com\/index.php\/wp-json\/wp\/v2\/pages\/308","targetHints":{"allow":["GET"]}}],"collection":[{"href":"https:\/\/vitaparkmasaj.com\/index.php\/wp-json\/wp\/v2\/pages"}],"about":[{"href":"https:\/\/vitaparkmasaj.com\/index.php\/wp-json\/wp\/v2\/types\/page"}],"author":[{"embeddable":true,"href":"https:\/\/vitaparkmasaj.com\/index.php\/wp-json\/wp\/v2\/users\/1"}],"replies":[{"embeddable":true,"href":"https:\/\/vitaparkmasaj.com\/index.php\/wp-json\/wp\/v2\/comments?post=308"}],"version-history":[{"count":14,"href":"https:\/\/vitaparkmasaj.com\/index.php\/wp-json\/wp\/v2\/pages\/308\/revisions"}],"predecessor-version":[{"id":404,"href":"https:\/\/vitaparkmasaj.com\/index.php\/wp-json\/wp\/v2\/pages\/308\/revisions\/404"}],"wp:attachment":[{"href":"https:\/\/vitaparkmasaj.com\/index.php\/wp-json\/wp\/v2\/media?parent=308"}],"curies":[{"name":"wp","href":"https:\/\/api.w.org\/{rel}","templated":true}]}}